{"id":834,"date":"2014-10-13T13:21:43","date_gmt":"2014-10-13T11:21:43","guid":{"rendered":"http:\/\/puchale.spproboszczow.pl\/?page_id=834"},"modified":"2019-10-24T15:28:48","modified_gmt":"2019-10-24T13:28:48","slug":"my-2014-2017","status":"publish","type":"page","link":"https:\/\/puchale.spproboszczow.pl\/?page_id=834","title":{"rendered":"my 2014 &#8211; 2019"},"content":{"rendered":"\n<figure class=\"wp-block-image\"><img decoding=\"async\" loading=\"lazy\" width=\"940\" height=\"198\" src=\"https:\/\/puchale.spproboszczow.pl\/wp-content\/uploads\/2019\/10\/Untitled-12.jpg\" alt=\"\" class=\"wp-image-1292\" srcset=\"https:\/\/puchale.spproboszczow.pl\/wp-content\/uploads\/2019\/10\/Untitled-12.jpg 940w, https:\/\/puchale.spproboszczow.pl\/wp-content\/uploads\/2019\/10\/Untitled-12-300x63.jpg 300w, https:\/\/puchale.spproboszczow.pl\/wp-content\/uploads\/2019\/10\/Untitled-12-768x162.jpg 768w, https:\/\/puchale.spproboszczow.pl\/wp-content\/uploads\/2019\/10\/Untitled-12-800x169.jpg 800w\" sizes=\"(max-width: 940px) 100vw, 940px\" \/><\/figure>\n\n\n<p>\u00a0<\/p>\n<p style=\"text-align: center;\">Jeste\u015bmy uczniami jednej\u00a0 &#8211; najwspanialszej &#8211; klasy w naszej szkole.<br \/>Oto nasza dru\u017cyna\u00a0 &#8211; z\u0142ota dziesi\u0105tka:<\/p>\n<p style=\"text-align: center;\">Jestem <strong>Dawid<\/strong>, m\u00f3wi\u0105 na mnie pinino,<br \/>jestem pinino, a nie \u017cadne pianino.<\/p>\n<p style=\"text-align: center;\">Hej jestem <strong>k@lin@<\/strong> uwielbiam wpisy OLKI,ANI,BASI,FILIPA,M.A.T.I.E.G.O,MARCINA,MICHA\u0141A,OLKA,PUSZCZYKA,ROZALKI to chyba wszyscy.<\/p>\n<p style=\"text-align: center;\">Cze\u015b\u0107 , jestem <strong>Madzik<\/strong>, mam 10 lat i chodz\u0119 do czwartej klasy.<\/p>\n<p style=\"text-align: center;\">Jestem <strong>Ante<\/strong>k, lubi\u0119 gra\u0107 w nog\u0119,<br \/>ale czasami tego nie mog\u0119.<br \/>Lubi\u0119 te\u017c gra\u0107 w FIF\u0118 .<br \/>Ju\u017c mi\u0119 troch\u0119 znacie, a wi\u0119c na razie.<\/p>\n<p style=\"text-align: center;\">Jestem <strong>Krystian<\/strong>, mam ksyw\u0119 kabelek.<br \/>Lubi\u0119 je\u017adzi\u0107 na rowerze i gra\u0107 w pi\u0142k\u0119 no\u017cn\u0105 i bardzo dobrze pos\u0142uguj\u0119 si\u0119 komputerem. Wiem \u017ce jestem fajny, jo\u0142.<\/p>\n<p style=\"text-align: center;\">jestem <strong>Micha\u0142<\/strong><br \/>m\u00f3wi\u0105 na mnie but.<br \/>Lubi\u0119 gra\u0107 w pi\u0142k\u0119 i jestem bramkarzem.<\/p>\n<p style=\"text-align: center;\">Cze\u015b\u0107, jestem <strong>Dagmara<\/strong> lubi\u0119 gra\u0107 na komputerze, a moja ulubiona gra to The sims3<\/p>\n<p style=\"text-align: center;\">i<\/p>\n<p style=\"text-align: center;\">Trener tej\u00a0 z\u0142otej jedenastki: <strong>pan g.<\/strong><\/p>","protected":false},"excerpt":{"rendered":"<p>\u00a0 Jeste\u015bmy uczniami jednej\u00a0 &#8211; najwspanialszej &#8211; klasy w naszej szkole.Oto nasza dru\u017cyna\u00a0 &#8211; z\u0142ota dziesi\u0105tka: Jestem Dawid, m\u00f3wi\u0105 na mnie pinino,jestem pinino, a nie \u017cadne pianino. Hej jestem k@lin@ uwielbiam wpisy OLKI,ANI,BASI,FILIPA,M.A.T.I.E.G.O,MARCINA,MICHA\u0141A,OLKA,PUSZCZYKA,ROZALKI to chyba wszyscy. Cze\u015b\u0107 , jestem Madzik, mam 10 lat i chodz\u0119 do czwartej klasy. Jestem Antek, lubi\u0119 gra\u0107 w nog\u0119,ale czasami <a href=\"https:\/\/puchale.spproboszczow.pl\/?page_id=834\" rel=\"nofollow\"><span class=\"sr-only\">Read more about my 2014 &#8211; 2019<\/span>[&hellip;]<\/a><\/p>\n","protected":false},"author":1,"featured_media":0,"parent":0,"menu_order":1,"comment_status":"open","ping_status":"open","template":"","meta":[],"_links":{"self":[{"href":"https:\/\/puchale.spproboszczow.pl\/index.php?rest_route=\/wp\/v2\/pages\/834"}],"collection":[{"href":"https:\/\/puchale.spproboszczow.pl\/index.php?rest_route=\/wp\/v2\/pages"}],"about":[{"href":"https:\/\/puchale.spproboszczow.pl\/index.php?rest_route=\/wp\/v2\/types\/page"}],"author":[{"embeddable":true,"href":"https:\/\/puchale.spproboszczow.pl\/index.php?rest_route=\/wp\/v2\/users\/1"}],"replies":[{"embeddable":true,"href":"https:\/\/puchale.spproboszczow.pl\/index.php?rest_route=%2Fwp%2Fv2%2Fcomments&post=834"}],"version-history":[{"count":9,"href":"https:\/\/puchale.spproboszczow.pl\/index.php?rest_route=\/wp\/v2\/pages\/834\/revisions"}],"predecessor-version":[{"id":1293,"href":"https:\/\/puchale.spproboszczow.pl\/index.php?rest_route=\/wp\/v2\/pages\/834\/revisions\/1293"}],"wp:attachment":[{"href":"https:\/\/puchale.spproboszczow.pl\/index.php?rest_route=%2Fwp%2Fv2%2Fmedia&parent=834"}],"curies":[{"name":"wp","href":"https:\/\/api.w.org\/{rel}","templated":true}]}}