{"id":20,"date":"2013-02-16T18:21:50","date_gmt":"2013-02-16T17:21:50","guid":{"rendered":"http:\/\/puchale.spproboszczow.pl\/?page_id=20"},"modified":"2022-06-06T23:03:42","modified_gmt":"2022-06-06T21:03:42","slug":"o-nas","status":"publish","type":"page","link":"https:\/\/puchale.spproboszczow.pl\/?page_id=20","title":{"rendered":"o nas 2011-2014"},"content":{"rendered":"<p style=\"text-align: center;\"><a href=\"https:\/\/puchale.spproboszczow.pl\/wp-content\/uploads\/2013\/03\/cropped-Untitled-1.jpg\"><img decoding=\"async\" loading=\"lazy\" class=\"alignnone size-full wp-image-249\" src=\"https:\/\/puchale.spproboszczow.pl\/wp-content\/uploads\/2013\/03\/cropped-Untitled-1.jpg\" alt=\"cropped-Untitled-1.jpg\" width=\"940\" height=\"198\" srcset=\"https:\/\/puchale.spproboszczow.pl\/wp-content\/uploads\/2013\/03\/cropped-Untitled-1.jpg 940w, https:\/\/puchale.spproboszczow.pl\/wp-content\/uploads\/2013\/03\/cropped-Untitled-1-300x63.jpg 300w\" sizes=\"(max-width: 940px) 100vw, 940px\" \/><\/a><\/p>\n<p style=\"text-align: center;\">Jeste\u015bmy uczniami jednej\u00a0 &#8211; najwspanialszej &#8211; klasy w naszej szkole.<br \/>\nOto nasza dru\u017cyna\u00a0 &#8211; z\u0142ota jedenastka:<\/p>\n<p style=\"text-align: center;\"><span style=\"font-size: medium;\">&#8222;Roza&#8221; m\u00f3wi\u0105 na mnie wci\u0105\u017c, lecz <strong>Rozalka<\/strong> jestem &#8230; \u015apiewam, ta\u0144cz\u0119 ca\u0142y czas.<\/span><\/p>\n<p style=\"text-align: center;\">Jestem <strong>Aleksandra<\/strong> &#8211; mam pseudo &#8222;Olcia&#8221;(\u015bmieszne, a dlaczego\u00a0 &#8211; nie wiem).<\/p>\n<p style=\"text-align: center;\">M\u00f3wi\u0105 na mnie &#8222;<strong>Ruda<\/strong>&#8221; &#8211; lubi\u0119 t\u0119 ksywk\u0119,<br \/>\nale wo\u0142aj\u0105 te\u017c na mnie &#8222;Jajko&#8221; &#8211; tej ksywki nie cierpi\u0119&#8230;<\/p>\n<p style=\"text-align: center;\">Jestem <strong>Basia<\/strong> ,<br \/>\nNie \u017cadna Asia,<br \/>\nLubi\u0119 \u017conglowa\u0107 oraz \u017cartowa\u0107,<br \/>\n\u015amiej\u0119 si\u0119 bardzo cz\u0119sto,<br \/>\nOraz my\u015bl\u0119 bardzo g\u0119sto.<br \/>\nW szkole m\u00f3wi\u0105 na mnie Barbucha,<br \/>\nNie \u017cadna mucha tylko Barbucha,<br \/>\nWiersze recytuje, i du\u017co przy tym g\u0142\u00f3wkuje.<br \/>\nKsi\u0105\u017cki czytam, i z\u0119bami zgrzytam.<br \/>\nLubi\u0119 s\u0142odycze jak ka\u017cde dziecko,<br \/>\nMog\u0119 je\u015b\u0107 je tonami nawet z molami i robakami.<br \/>\nJestem radosna, mi\u0142a i boska.<br \/>\nWszyscy mnie znaj\u0105 i przy okazji kochaj\u0105 \ud83d\ude42<\/p>\n<p style=\"text-align: center;\">Mnie tu ka\u017cdy dobrze zna<br \/>\n<strong>Jarek<\/strong> mam na imi\u0119<br \/>\nJem pizzuni\u0119, col\u0119 pij\u0119<br \/>\ni udaj\u0119 &#8230;<br \/>\nChodz\u0119 do szko\u0142y,<br \/>\ndobrze si\u0119 ucz\u0119,<br \/>\nale na obowi\u0105zki<br \/>\nbez ustanku bucz\u0119.<\/p>\n<p style=\"text-align: center;\"><strong>Marcin<\/strong> si\u0119 nazywam i niezbyt dobrze p\u0142ywam.<br \/>\nNie lubi\u0119 pomidor\u00f3wki i dlatego chowam si\u0119 do lod\u00f3wki.<\/p>\n<p style=\"text-align: center;\">Mam na imi\u0119 <strong>Micha<\/strong>\u0142 i mam ksyw\u0119, kt\u00f3rej bardzo nie lubi\u0119.<\/p>\n<p style=\"text-align: center;\">Ja jestem <strong>Kacper<\/strong> &#8211; nazwa w grach inferno007 &#8211; b\u0119d\u0119 pisa\u0142 o moich ulubionych grach.<\/p>\n<p style=\"text-align: center;\">To ja wasz <strong>Filip<\/strong>, uliczny raper, kumpel Magika.<br \/>\nWchodz\u0119 Ci\u00a0 do domu w brudnych butach.<br \/>\nMy\u015blisz, \u017ce jestem niepowa\u017cny, ale ja jestem fajny, jo\u0142.<\/p>\n<p style=\"text-align: center;\">Nazywam si\u0119 <strong>Mateusz<\/strong>&#8211; s\u0142ucham rapu, gram w pi\u0142k\u0119 no\u017cn\u0105,<br \/>\nch\u0119tnie w\u0119dkuj\u0119 i nie lubi\u0119 chodzi\u0107 do szko\u0142y.<\/p>\n<p style=\"text-align: center;\">Brakuje <strong>Sylwii<\/strong>, ale nie by\u0142o jej dzisiaj w szkole, ale&#8230;<\/p>\n<p style=\"text-align: center;\">i<\/p>\n<p style=\"text-align: center;\">Trener tej\u00a0 z\u0142otej jedenastki: <strong>pan g.<\/strong><\/p>\n","protected":false},"excerpt":{"rendered":"<p>Jeste\u015bmy uczniami jednej\u00a0 &#8211; najwspanialszej &#8211; klasy w naszej szkole. Oto nasza dru\u017cyna\u00a0 &#8211; z\u0142ota jedenastka: &#8222;Roza&#8221; m\u00f3wi\u0105 na mnie wci\u0105\u017c, lecz Rozalka jestem &#8230; \u015apiewam, ta\u0144cz\u0119 ca\u0142y czas. Jestem Aleksandra &#8211; mam pseudo &#8222;Olcia&#8221;(\u015bmieszne, a dlaczego\u00a0 &#8211; nie wiem). M\u00f3wi\u0105 na mnie &#8222;Ruda&#8221; &#8211; lubi\u0119 t\u0119 ksywk\u0119, ale wo\u0142aj\u0105 te\u017c na mnie &#8222;Jajko&#8221; &#8211; <a href=\"https:\/\/puchale.spproboszczow.pl\/?page_id=20\" rel=\"nofollow\"><span class=\"sr-only\">Read more about o nas 2011-2014<\/span>[&hellip;]<\/a><\/p>\n","protected":false},"author":1,"featured_media":0,"parent":0,"menu_order":0,"comment_status":"open","ping_status":"open","template":"","meta":[],"_links":{"self":[{"href":"https:\/\/puchale.spproboszczow.pl\/index.php?rest_route=\/wp\/v2\/pages\/20"}],"collection":[{"href":"https:\/\/puchale.spproboszczow.pl\/index.php?rest_route=\/wp\/v2\/pages"}],"about":[{"href":"https:\/\/puchale.spproboszczow.pl\/index.php?rest_route=\/wp\/v2\/types\/page"}],"author":[{"embeddable":true,"href":"https:\/\/puchale.spproboszczow.pl\/index.php?rest_route=\/wp\/v2\/users\/1"}],"replies":[{"embeddable":true,"href":"https:\/\/puchale.spproboszczow.pl\/index.php?rest_route=%2Fwp%2Fv2%2Fcomments&post=20"}],"version-history":[{"count":9,"href":"https:\/\/puchale.spproboszczow.pl\/index.php?rest_route=\/wp\/v2\/pages\/20\/revisions"}],"predecessor-version":[{"id":1722,"href":"https:\/\/puchale.spproboszczow.pl\/index.php?rest_route=\/wp\/v2\/pages\/20\/revisions\/1722"}],"wp:attachment":[{"href":"https:\/\/puchale.spproboszczow.pl\/index.php?rest_route=%2Fwp%2Fv2%2Fmedia&parent=20"}],"curies":[{"name":"wp","href":"https:\/\/api.w.org\/{rel}","templated":true}]}}